{"id":3811,"date":"2020-03-12T16:47:20","date_gmt":"2020-03-12T15:47:20","guid":{"rendered":"https:\/\/www.skiwake74.com\/reservation-port-a-sec\/"},"modified":"2022-01-08T17:18:28","modified_gmt":"2022-01-08T16:18:28","slug":"reservation-port-a-sec","status":"publish","type":"page","link":"https:\/\/www.skiwake74.com\/en\/reservation-port-a-sec\/","title":{"rendered":"Dry port booking"},"content":{"rendered":"<div class=\"wpb-content-wrapper\"><p>[vc_row full_width=&#8221;stretch_row_content&#8221;][vc_column width=&#8221;1\/4&#8243;][vc_btn title=&#8221;DRY PORT BOOKING&#8221; link=&#8221;url:https%3A%2F%2Fwww.planyo.com%2Fbooking%2FPORT&#8212;&#8211;%C3%80&#8212;&#8211;SEC&#8221;][\/vc_column][vc_column width=&#8221;3\/4&#8243;][vc_column_text][planyo attribute_string=&#8217;&amp;mode=resource_list&amp;lang=FR&amp;sort=name&#8217;][\/vc_column_text][\/vc_column][\/vc_row]<\/p>\n<\/div>","protected":false},"excerpt":{"rendered":"<p>[vc_row full_width=&#8221;stretch_row_content&#8221;][vc_column width=&#8221;1\/4&#8243;][vc_btn title=&#8221;DRY PORT BOOKING&#8221; link=&#8221;url:https%3A%2F%2Fwww.planyo.com%2Fbooking%2FPORT&#8212;&#8211;%C3%80&#8212;&#8211;SEC&#8221;][\/vc_column][vc_column width=&#8221;3\/4&#8243;][vc_column_text][planyo attribute_string=&#8217;&amp;mode=resource_list&amp;lang=FR&amp;sort=name&#8217;][\/vc_column_text][\/vc_column][\/vc_row]<\/p>\n","protected":false},"author":1,"featured_media":0,"parent":0,"menu_order":0,"comment_status":"closed","ping_status":"closed","template":"","meta":{"_acf_changed":false,"footnotes":""},"class_list":["post-3811","page","type-page","status-publish","hentry","clearfix"],"acf":[],"yoast_head":"<!-- This site is optimized with the Yoast SEO plugin v27.3 - https:\/\/yoast.com\/product\/yoast-seo-wordpress\/ -->\n<title>R\u00e9servation port \u00e0 sec du port nautique de Doussard - Skiwake74<\/title>\n<meta name=\"description\" content=\"La r\u00e9servation port \u00e0 sec du port nautique de Doussard se fait d\u00e9sormais via le site Skiwake 74. Place saison, week-end et plus\" \/>\n<meta name=\"robots\" content=\"noindex, nofollow\" \/>\n<meta property=\"og:locale\" content=\"en_US\" \/>\n<meta property=\"og:type\" content=\"article\" \/>\n<meta property=\"og:title\" content=\"R\u00e9servation port \u00e0 sec du port nautique de Doussard - Skiwake74\" \/>\n<meta property=\"og:description\" content=\"La r\u00e9servation port \u00e0 sec du port nautique de Doussard se fait d\u00e9sormais via le site Skiwake 74. Place saison, week-end et plus\" \/>\n<meta property=\"og:url\" content=\"https:\/\/www.skiwake74.com\/en\/reservation-port-a-sec\/\" \/>\n<meta property=\"og:site_name\" content=\"Skiwake74\" \/>\n<meta property=\"article:publisher\" content=\"https:\/\/www.facebook.com\/Skiwake74\" \/>\n<meta property=\"article:modified_time\" content=\"2022-01-08T16:18:28+00:00\" \/>\n<meta name=\"twitter:card\" content=\"summary_large_image\" \/>\n<meta name=\"twitter:site\" content=\"@wake_74\" \/>\n<script type=\"application\/ld+json\" class=\"yoast-schema-graph\">{\"@context\":\"https:\\\/\\\/schema.org\",\"@graph\":[{\"@type\":\"WebPage\",\"@id\":\"https:\\\/\\\/www.skiwake74.com\\\/en\\\/reservation-port-a-sec\\\/\",\"url\":\"https:\\\/\\\/www.skiwake74.com\\\/en\\\/reservation-port-a-sec\\\/\",\"name\":\"R\u00e9servation port \u00e0 sec du port nautique de Doussard - Skiwake74\",\"isPartOf\":{\"@id\":\"https:\\\/\\\/www.skiwake74.com\\\/#website\"},\"datePublished\":\"2020-03-12T15:47:20+00:00\",\"dateModified\":\"2022-01-08T16:18:28+00:00\",\"description\":\"La r\u00e9servation port \u00e0 sec du port nautique de Doussard se fait d\u00e9sormais via le site Skiwake 74. Place saison, week-end et plus\",\"breadcrumb\":{\"@id\":\"https:\\\/\\\/www.skiwake74.com\\\/en\\\/reservation-port-a-sec\\\/#breadcrumb\"},\"inLanguage\":\"en-US\",\"potentialAction\":[{\"@type\":\"ReadAction\",\"target\":[\"https:\\\/\\\/www.skiwake74.com\\\/en\\\/reservation-port-a-sec\\\/\"]}]},{\"@type\":\"BreadcrumbList\",\"@id\":\"https:\\\/\\\/www.skiwake74.com\\\/en\\\/reservation-port-a-sec\\\/#breadcrumb\",\"itemListElement\":[{\"@type\":\"ListItem\",\"position\":1,\"name\":\"Accueil\",\"item\":\"https:\\\/\\\/www.skiwake74.com\\\/en\\\/\"},{\"@type\":\"ListItem\",\"position\":2,\"name\":\"Dry port booking\"}]},{\"@type\":\"WebSite\",\"@id\":\"https:\\\/\\\/www.skiwake74.com\\\/#website\",\"url\":\"https:\\\/\\\/www.skiwake74.com\\\/\",\"name\":\"Skiwake74\",\"description\":\"Wakeboard et wakesurf Annecy\",\"publisher\":{\"@id\":\"https:\\\/\\\/www.skiwake74.com\\\/#organization\"},\"potentialAction\":[{\"@type\":\"SearchAction\",\"target\":{\"@type\":\"EntryPoint\",\"urlTemplate\":\"https:\\\/\\\/www.skiwake74.com\\\/?s={search_term_string}\"},\"query-input\":{\"@type\":\"PropertyValueSpecification\",\"valueRequired\":true,\"valueName\":\"search_term_string\"}}],\"inLanguage\":\"en-US\"},{\"@type\":\"Organization\",\"@id\":\"https:\\\/\\\/www.skiwake74.com\\\/#organization\",\"name\":\"Skiwake74\",\"url\":\"https:\\\/\\\/www.skiwake74.com\\\/\",\"logo\":{\"@type\":\"ImageObject\",\"inLanguage\":\"en-US\",\"@id\":\"https:\\\/\\\/www.skiwake74.com\\\/#\\\/schema\\\/logo\\\/image\\\/\",\"url\":\"https:\\\/\\\/www.skiwake74.com\\\/wp-content\\\/uploads\\\/2017\\\/04\\\/logo-skiwake.jpg\",\"contentUrl\":\"https:\\\/\\\/www.skiwake74.com\\\/wp-content\\\/uploads\\\/2017\\\/04\\\/logo-skiwake.jpg\",\"width\":200,\"height\":92,\"caption\":\"Skiwake74\"},\"image\":{\"@id\":\"https:\\\/\\\/www.skiwake74.com\\\/#\\\/schema\\\/logo\\\/image\\\/\"},\"sameAs\":[\"https:\\\/\\\/www.facebook.com\\\/Skiwake74\",\"https:\\\/\\\/x.com\\\/wake_74\",\"https:\\\/\\\/www.instagram.com\\\/skiwake74\\\/\",\"https:\\\/\\\/www.youtube.com\\\/channel\\\/UCTy72IXEh5qudi9KvYhil8g\"]}]}<\/script>\n<!-- \/ Yoast SEO plugin. -->","yoast_head_json":{"title":"R\u00e9servation port \u00e0 sec du port nautique de Doussard - Skiwake74","description":"La r\u00e9servation port \u00e0 sec du port nautique de Doussard se fait d\u00e9sormais via le site Skiwake 74. Place saison, week-end et plus","robots":{"index":"noindex","follow":"nofollow"},"og_locale":"en_US","og_type":"article","og_title":"R\u00e9servation port \u00e0 sec du port nautique de Doussard - Skiwake74","og_description":"La r\u00e9servation port \u00e0 sec du port nautique de Doussard se fait d\u00e9sormais via le site Skiwake 74. Place saison, week-end et plus","og_url":"https:\/\/www.skiwake74.com\/en\/reservation-port-a-sec\/","og_site_name":"Skiwake74","article_publisher":"https:\/\/www.facebook.com\/Skiwake74","article_modified_time":"2022-01-08T16:18:28+00:00","twitter_card":"summary_large_image","twitter_site":"@wake_74","schema":{"@context":"https:\/\/schema.org","@graph":[{"@type":"WebPage","@id":"https:\/\/www.skiwake74.com\/en\/reservation-port-a-sec\/","url":"https:\/\/www.skiwake74.com\/en\/reservation-port-a-sec\/","name":"R\u00e9servation port \u00e0 sec du port nautique de Doussard - Skiwake74","isPartOf":{"@id":"https:\/\/www.skiwake74.com\/#website"},"datePublished":"2020-03-12T15:47:20+00:00","dateModified":"2022-01-08T16:18:28+00:00","description":"La r\u00e9servation port \u00e0 sec du port nautique de Doussard se fait d\u00e9sormais via le site Skiwake 74. Place saison, week-end et plus","breadcrumb":{"@id":"https:\/\/www.skiwake74.com\/en\/reservation-port-a-sec\/#breadcrumb"},"inLanguage":"en-US","potentialAction":[{"@type":"ReadAction","target":["https:\/\/www.skiwake74.com\/en\/reservation-port-a-sec\/"]}]},{"@type":"BreadcrumbList","@id":"https:\/\/www.skiwake74.com\/en\/reservation-port-a-sec\/#breadcrumb","itemListElement":[{"@type":"ListItem","position":1,"name":"Accueil","item":"https:\/\/www.skiwake74.com\/en\/"},{"@type":"ListItem","position":2,"name":"Dry port booking"}]},{"@type":"WebSite","@id":"https:\/\/www.skiwake74.com\/#website","url":"https:\/\/www.skiwake74.com\/","name":"Skiwake74","description":"Wakeboard et wakesurf Annecy","publisher":{"@id":"https:\/\/www.skiwake74.com\/#organization"},"potentialAction":[{"@type":"SearchAction","target":{"@type":"EntryPoint","urlTemplate":"https:\/\/www.skiwake74.com\/?s={search_term_string}"},"query-input":{"@type":"PropertyValueSpecification","valueRequired":true,"valueName":"search_term_string"}}],"inLanguage":"en-US"},{"@type":"Organization","@id":"https:\/\/www.skiwake74.com\/#organization","name":"Skiwake74","url":"https:\/\/www.skiwake74.com\/","logo":{"@type":"ImageObject","inLanguage":"en-US","@id":"https:\/\/www.skiwake74.com\/#\/schema\/logo\/image\/","url":"https:\/\/www.skiwake74.com\/wp-content\/uploads\/2017\/04\/logo-skiwake.jpg","contentUrl":"https:\/\/www.skiwake74.com\/wp-content\/uploads\/2017\/04\/logo-skiwake.jpg","width":200,"height":92,"caption":"Skiwake74"},"image":{"@id":"https:\/\/www.skiwake74.com\/#\/schema\/logo\/image\/"},"sameAs":["https:\/\/www.facebook.com\/Skiwake74","https:\/\/x.com\/wake_74","https:\/\/www.instagram.com\/skiwake74\/","https:\/\/www.youtube.com\/channel\/UCTy72IXEh5qudi9KvYhil8g"]}]}},"_links":{"self":[{"href":"https:\/\/www.skiwake74.com\/en\/wp-json\/wp\/v2\/pages\/3811","targetHints":{"allow":["GET"]}}],"collection":[{"href":"https:\/\/www.skiwake74.com\/en\/wp-json\/wp\/v2\/pages"}],"about":[{"href":"https:\/\/www.skiwake74.com\/en\/wp-json\/wp\/v2\/types\/page"}],"author":[{"embeddable":true,"href":"https:\/\/www.skiwake74.com\/en\/wp-json\/wp\/v2\/users\/1"}],"replies":[{"embeddable":true,"href":"https:\/\/www.skiwake74.com\/en\/wp-json\/wp\/v2\/comments?post=3811"}],"version-history":[{"count":0,"href":"https:\/\/www.skiwake74.com\/en\/wp-json\/wp\/v2\/pages\/3811\/revisions"}],"wp:attachment":[{"href":"https:\/\/www.skiwake74.com\/en\/wp-json\/wp\/v2\/media?parent=3811"}],"curies":[{"name":"wp","href":"https:\/\/api.w.org\/{rel}","templated":true}]}}