{"id":3585,"date":"2018-03-21T19:08:16","date_gmt":"2018-03-21T18:08:16","guid":{"rendered":"https:\/\/www.skiwake74.com\/location-bateau\/"},"modified":"2024-04-16T11:46:07","modified_gmt":"2024-04-16T09:46:07","slug":"location-bateau","status":"publish","type":"page","link":"https:\/\/www.skiwake74.com\/en\/location-bateau\/","title":{"rendered":"Location"},"content":{"rendered":"<div class=\"wpb-content-wrapper\"><p>[vc_row full_width=&#8221;stretch_row_content_no_spaces&#8221; css=&#8221;.vc_custom_1526637027106{margin-top: -93px !important;}&#8221;][vc_column 0=&#8221;&#8221;][vc_masonry_media_grid element_width=&#8221;2&#8243; grid_id=&#8221;vc_gid:1707654614342-7adffdc8-1303-9&#8243; include=&#8221;3238,2719,2816,2813,2817,4161&#8243;][\/vc_column][\/vc_row][vc_row][vc_column][vc_column_text]<\/p>\n<h3 style=\"text-align: center;\">R\u00e9servez un de nos bateaux en location<\/h3>\n<p>&nbsp;<\/p>\n<p>[\/vc_column_text][\/vc_column][\/vc_row][vc_row 0=&#8221;&#8221;][vc_column css=&#8221;.vc_custom_1707654425166{margin-top: 10px !important;margin-right: 10px !important;margin-bottom: 10px !important;margin-left: 10px !important;border-top-width: 5px !important;border-right-width: 5px !important;border-bottom-width: 5px !important;border-left-width: 5px !important;padding-top: 30px !important;padding-right: 30px !important;padding-bottom: 30px !important;padding-left: 30px !important;background-color: #ffffff !important;border-left-color: #00bef2 !important;border-left-style: solid !important;border-right-color: #00bef2 !important;border-right-style: solid !important;border-top-color: #00bef2 !important;border-top-style: solid !important;border-bottom-color: #00bef2 !important;border-bottom-style: solid !important;}&#8221;][vc_column_text]<\/p>\n<h3 style=\"text-align: center;\"><strong>CENTURION Ri230 ou Equivalent (Fi23 \/ Supreme S220)<br \/>\n<\/strong><\/h3>\n<p>[\/vc_column_text][vc_column_text 0=&#8221;&#8221;]<\/p>\n<p style=\"text-align: left;\">Location d&#8217;un bateau ultra haut de gamme derni\u00e8re g\u00e9n\u00e9ration : <span style=\"font-size: 16px;\"><span style=\"color: #00bef2;\"><strong>CENTURION Ri230<\/strong><\/span> 10 places<\/span><\/p>\n<p style=\"text-align: left;\">Nous proposons ce magnifique Ri230 de 2023, bateau de derni\u00e8re g\u00e9n\u00e9ration, offrant la plus belle vague du march\u00e9, avec un \u00e9quipement Wake Surf \/ Wake Board impressionnant !<\/p>\n<ul style=\"list-style-type: square; text-align: left;\">\n<li>\u00a0<strong>R\u00e9glage<\/strong> de la hauteur et de la longueur de la vague.<\/li>\n<li>\u00a0<strong>Vague propre et puissante de + 1m<\/strong> de hauteur.<\/li>\n<li>Grosse Sono Roswell en <strong>Bluethooth<\/strong>.<\/li>\n<li><strong>Confort <\/strong>exceptionnel<strong><br \/>\n<\/strong><\/li>\n<li>Chargement des <strong>2 tonnes<\/strong> de Ballasts en <strong>90 sec<\/strong><\/li>\n<\/ul>\n<p style=\"text-align: left;\">Bateau tr\u00e8s convivial avec un espace de vie immense fait pour 11 personnes. Id\u00e9al pour d\u00e9couvrir facilement le WakeSurf \/ Wakeboard en famille ou entre amis o\u00f9 tout simplement d\u00e9couvrir le Lac d&#8217;Annecy.<\/p>\n<p style=\"text-align: left;\"><span style=\"color: #00bef2;\"><strong>Tout le mat\u00e9riel de Wakesurf et Wakeboard est fourni : gilets, planches, palonniers.<\/strong><\/span><\/p>\n<p>[\/vc_column_text][\/vc_column][\/vc_row][vc_row gap=&#8221;20&#8243;][vc_column width=&#8221;1\/2&#8243; css=&#8221;.vc_custom_1707654430422{margin-top: 10px !important;margin-right: 10px !important;margin-bottom: 10px !important;margin-left: 10px !important;border-top-width: 5px !important;border-right-width: 5px !important;border-bottom-width: 5px !important;border-left-width: 5px !important;padding-top: 30px !important;padding-right: 30px !important;padding-bottom: 30px !important;padding-left: 30px !important;background-color: #ffffff !important;border-left-color: #00bef2 !important;border-left-style: solid !important;border-right-color: #00bef2 !important;border-right-style: solid !important;border-top-color: #00bef2 !important;border-top-style: solid !important;border-bottom-color: #00bef2 !important;border-bottom-style: solid !important;}&#8221;][vc_column_text]<\/p>\n<h3>Caract\u00e9ristiques :<\/h3>\n<ul style=\"list-style-type: square;\">\n<li>Mod\u00e8le : Ri 230<\/li>\n<li>Constructeur : CENTURION<\/li>\n<li>Longueur : <span class=\"list__value\">7.01<\/span>m<\/li>\n<li>Ballast : 2,4 tonnes<\/li>\n<li>Tirant d&#8217;eau :\u00a00.9m<\/li>\n<li>Ann\u00e9e : 2023<\/li>\n<li>Type de moteur :\u00a0In board<\/li>\n<li>Puissance :\u00a0409ch<\/li>\n<li>Capacit\u00e9 \u00e0 bord &#8211; Conseill\u00e9e : 10<\/li>\n<\/ul>\n<p>[\/vc_column_text][\/vc_column][vc_column width=&#8221;1\/2&#8243; css=&#8221;.vc_custom_1707654408915{margin-top: 10px !important;margin-right: 10px !important;margin-bottom: 10px !important;margin-left: 10px !important;border-top-width: 5px !important;border-right-width: 5px !important;border-bottom-width: 5px !important;border-left-width: 5px !important;padding-top: 30px !important;padding-right: 30px !important;padding-bottom: 30px !important;padding-left: 30px !important;background-color: #ffffff !important;border-left-color: #00bef2 !important;border-left-style: solid !important;border-right-color: #00bef2 !important;border-right-style: solid !important;border-top-color: #00bef2 !important;border-top-style: solid !important;border-bottom-color: #00bef2 !important;border-bottom-style: solid !important;}&#8221;][vc_column_text 0=&#8221;&#8221;]<\/p>\n<h3><strong>TARIFS<\/strong><\/h3>\n<div>Location du bateau :<\/div>\n<div><span style=\"color: #ffffff;\">\u00a0.<\/span><\/div>\n<ul style=\"list-style-type: square;\">\n<li><strong>4h Demi-Journ\u00e9e <\/strong>: Nous consulter.<\/li>\n<li><strong>Journ\u00e9e (10h \u00e0 17h)<\/strong> : Nous consulter.<\/li>\n<li><strong>Location avec\u00a0 un de nos pilotes OBLIGATOIRE<\/strong><\/li>\n<li><strong>Mat\u00e9riel inclus <\/strong>(Gilets , wakeboard \/ wakesurf , palonniers, Sono ..)<strong><br \/>\n<\/strong><\/li>\n<\/ul>\n<p>[\/vc_column_text][vc_column_text 0=&#8221;&#8221;]<strong>IMPORTANT :<\/strong><\/p>\n<div>&#8211; <span style=\"color: #ff0000;\"><strong>PAS<\/strong> <strong>d&#8217;animaux<\/strong><\/span>, pas d&#8217;<strong>alcool<\/strong> et <span style=\"color: #ff0000;\"><strong>pas de<\/strong> <strong>cigarette<\/strong><\/span> sur le bateau.<\/div>\n<div>&#8211; Se pr\u00e9senter <strong>15 minutes avant<\/strong> l&#8217;heure de r\u00e9servation.<\/div>\n<div>&#8211; <span style=\"color: #ff0000;\"><strong>Si Bateau non disponible<\/strong><\/span>, nous vous proposons un \u00e9quivalent : <strong><span style=\"color: #ff0000;\">CENTURION FI 23<\/span><\/strong> de 2023 ou <strong><span style=\"color: #ff0000;\">SUPREME S220<\/span><\/strong> de 2023<\/div>\n<p>&nbsp;<\/p>\n<p>[\/vc_column_text][vc_btn title=&#8221;R\u00e9server en ligne&#8221; shape=&#8221;square&#8221; color=&#8221;black&#8221; link=&#8221;url:https%3A%2F%2Fbookeo.com%2Fskiwake74%3Fcategory%3D42555AMH96716AD5D429EB|||&#8221;][\/vc_column][\/vc_row]<\/p>\n<\/div>","protected":false},"excerpt":{"rendered":"<p>[vc_row full_width=&#8221;stretch_row_content_no_spaces&#8221; css=&#8221;.vc_custom_1526637027106{margin-top: -93px !important;}&#8221;][vc_column 0=&#8221;&#8221;][vc_masonry_media_grid element_width=&#8221;2&#8243; grid_id=&#8221;vc_gid:1707654614342-7adffdc8-1303-9&#8243; include=&#8221;3238,2719,2816,2813,2817,4161&#8243;][\/vc_column][\/vc_row][vc_row][vc_column][vc_column_text] R\u00e9servez un de nos bateaux en location &nbsp; [\/vc_column_text][\/vc_column][\/vc_row][vc_row 0=&#8221;&#8221;][vc_column css=&#8221;.vc_custom_1707654425166{margin-top: 10px !important;margin-right: 10px !important;margin-bottom: 10px !important;margin-left: 10px !important;border-top-width: 5px !important;border-right-width: 5px !important;border-bottom-width: 5px !important;border-left-width: 5px !important;padding-top: 30px !important;padding-right: 30px !important;padding-bottom: 30px !important;padding-left: 30px !important;background-color: #ffffff !important;border-left-color: #00bef2 !important;border-left-style: solid !important;border-right-color: #00bef2 !important;border-right-style: solid !important;border-top-color: #00bef2 &hellip;<\/p>\n","protected":false},"author":4,"featured_media":0,"parent":0,"menu_order":0,"comment_status":"closed","ping_status":"closed","template":"","meta":{"_acf_changed":false,"footnotes":""},"class_list":["post-3585","page","type-page","status-publish","hentry","clearfix"],"acf":[],"yoast_head":"<!-- This site is optimized with the Yoast SEO plugin v27.5 - https:\/\/yoast.com\/product\/yoast-seo-wordpress\/ -->\n<title>Location bateau lac d&#039;Annecy 11 places - wakesurf - wakeboard - Apero<\/title>\n<meta name=\"description\" content=\"Possibilit\u00e9 de louer un bateau derni\u00e8re g\u00e9n\u00e9ration pour le wakeboard et wakesurf sur le lac d&#039;annecy - EVG - EVJF - Demi journ\u00e9e - Journ\u00e9e\" \/>\n<meta name=\"robots\" content=\"index, follow, max-snippet:-1, max-image-preview:large, max-video-preview:-1\" \/>\n<link rel=\"canonical\" href=\"https:\/\/www.skiwake74.com\/en\/location-bateau\/\" \/>\n<meta property=\"og:locale\" content=\"en_US\" \/>\n<meta property=\"og:type\" content=\"article\" \/>\n<meta property=\"og:title\" content=\"Location bateau lac d&#039;Annecy 11 places - wakesurf - wakeboard - Apero\" \/>\n<meta property=\"og:description\" content=\"Possibilit\u00e9 de louer un bateau derni\u00e8re g\u00e9n\u00e9ration pour le wakeboard et wakesurf sur le lac d&#039;annecy - EVG - EVJF - Demi journ\u00e9e - Journ\u00e9e\" \/>\n<meta property=\"og:url\" content=\"https:\/\/www.skiwake74.com\/en\/location-bateau\/\" \/>\n<meta property=\"og:site_name\" content=\"Skiwake74\" \/>\n<meta property=\"article:publisher\" content=\"https:\/\/www.facebook.com\/Skiwake74\" \/>\n<meta property=\"article:modified_time\" content=\"2024-04-16T09:46:07+00:00\" \/>\n<meta name=\"twitter:card\" content=\"summary_large_image\" \/>\n<meta name=\"twitter:site\" content=\"@wake_74\" \/>\n<meta name=\"twitter:label1\" content=\"Est. reading time\" \/>\n\t<meta name=\"twitter:data1\" content=\"2 minutes\" \/>\n<script type=\"application\/ld+json\" class=\"yoast-schema-graph\">{\"@context\":\"https:\\\/\\\/schema.org\",\"@graph\":[{\"@type\":\"WebPage\",\"@id\":\"https:\\\/\\\/www.skiwake74.com\\\/en\\\/location-bateau\\\/\",\"url\":\"https:\\\/\\\/www.skiwake74.com\\\/en\\\/location-bateau\\\/\",\"name\":\"Location bateau lac d'Annecy 11 places - wakesurf - wakeboard - Apero\",\"isPartOf\":{\"@id\":\"https:\\\/\\\/www.skiwake74.com\\\/#website\"},\"datePublished\":\"2018-03-21T18:08:16+00:00\",\"dateModified\":\"2024-04-16T09:46:07+00:00\",\"description\":\"Possibilit\u00e9 de louer un bateau derni\u00e8re g\u00e9n\u00e9ration pour le wakeboard et wakesurf sur le lac d'annecy - EVG - EVJF - Demi journ\u00e9e - Journ\u00e9e\",\"breadcrumb\":{\"@id\":\"https:\\\/\\\/www.skiwake74.com\\\/en\\\/location-bateau\\\/#breadcrumb\"},\"inLanguage\":\"en-US\",\"potentialAction\":[{\"@type\":\"ReadAction\",\"target\":[\"https:\\\/\\\/www.skiwake74.com\\\/en\\\/location-bateau\\\/\"]}]},{\"@type\":\"BreadcrumbList\",\"@id\":\"https:\\\/\\\/www.skiwake74.com\\\/en\\\/location-bateau\\\/#breadcrumb\",\"itemListElement\":[{\"@type\":\"ListItem\",\"position\":1,\"name\":\"Accueil\",\"item\":\"https:\\\/\\\/www.skiwake74.com\\\/en\\\/\"},{\"@type\":\"ListItem\",\"position\":2,\"name\":\"Location\"}]},{\"@type\":\"WebSite\",\"@id\":\"https:\\\/\\\/www.skiwake74.com\\\/#website\",\"url\":\"https:\\\/\\\/www.skiwake74.com\\\/\",\"name\":\"Skiwake74\",\"description\":\"Wakeboard et wakesurf Annecy\",\"publisher\":{\"@id\":\"https:\\\/\\\/www.skiwake74.com\\\/#organization\"},\"potentialAction\":[{\"@type\":\"SearchAction\",\"target\":{\"@type\":\"EntryPoint\",\"urlTemplate\":\"https:\\\/\\\/www.skiwake74.com\\\/?s={search_term_string}\"},\"query-input\":{\"@type\":\"PropertyValueSpecification\",\"valueRequired\":true,\"valueName\":\"search_term_string\"}}],\"inLanguage\":\"en-US\"},{\"@type\":\"Organization\",\"@id\":\"https:\\\/\\\/www.skiwake74.com\\\/#organization\",\"name\":\"Skiwake74\",\"url\":\"https:\\\/\\\/www.skiwake74.com\\\/\",\"logo\":{\"@type\":\"ImageObject\",\"inLanguage\":\"en-US\",\"@id\":\"https:\\\/\\\/www.skiwake74.com\\\/#\\\/schema\\\/logo\\\/image\\\/\",\"url\":\"https:\\\/\\\/www.skiwake74.com\\\/wp-content\\\/uploads\\\/2017\\\/04\\\/logo-skiwake.jpg\",\"contentUrl\":\"https:\\\/\\\/www.skiwake74.com\\\/wp-content\\\/uploads\\\/2017\\\/04\\\/logo-skiwake.jpg\",\"width\":200,\"height\":92,\"caption\":\"Skiwake74\"},\"image\":{\"@id\":\"https:\\\/\\\/www.skiwake74.com\\\/#\\\/schema\\\/logo\\\/image\\\/\"},\"sameAs\":[\"https:\\\/\\\/www.facebook.com\\\/Skiwake74\",\"https:\\\/\\\/x.com\\\/wake_74\",\"https:\\\/\\\/www.instagram.com\\\/skiwake74\\\/\",\"https:\\\/\\\/www.youtube.com\\\/channel\\\/UCTy72IXEh5qudi9KvYhil8g\"]}]}<\/script>\n<!-- \/ Yoast SEO plugin. -->","yoast_head_json":{"title":"Location bateau lac d'Annecy 11 places - wakesurf - wakeboard - Apero","description":"Possibilit\u00e9 de louer un bateau derni\u00e8re g\u00e9n\u00e9ration pour le wakeboard et wakesurf sur le lac d'annecy - EVG - EVJF - Demi journ\u00e9e - Journ\u00e9e","robots":{"index":"index","follow":"follow","max-snippet":"max-snippet:-1","max-image-preview":"max-image-preview:large","max-video-preview":"max-video-preview:-1"},"canonical":"https:\/\/www.skiwake74.com\/en\/location-bateau\/","og_locale":"en_US","og_type":"article","og_title":"Location bateau lac d'Annecy 11 places - wakesurf - wakeboard - Apero","og_description":"Possibilit\u00e9 de louer un bateau derni\u00e8re g\u00e9n\u00e9ration pour le wakeboard et wakesurf sur le lac d'annecy - EVG - EVJF - Demi journ\u00e9e - Journ\u00e9e","og_url":"https:\/\/www.skiwake74.com\/en\/location-bateau\/","og_site_name":"Skiwake74","article_publisher":"https:\/\/www.facebook.com\/Skiwake74","article_modified_time":"2024-04-16T09:46:07+00:00","twitter_card":"summary_large_image","twitter_site":"@wake_74","twitter_misc":{"Est. reading time":"2 minutes"},"schema":{"@context":"https:\/\/schema.org","@graph":[{"@type":"WebPage","@id":"https:\/\/www.skiwake74.com\/en\/location-bateau\/","url":"https:\/\/www.skiwake74.com\/en\/location-bateau\/","name":"Location bateau lac d'Annecy 11 places - wakesurf - wakeboard - Apero","isPartOf":{"@id":"https:\/\/www.skiwake74.com\/#website"},"datePublished":"2018-03-21T18:08:16+00:00","dateModified":"2024-04-16T09:46:07+00:00","description":"Possibilit\u00e9 de louer un bateau derni\u00e8re g\u00e9n\u00e9ration pour le wakeboard et wakesurf sur le lac d'annecy - EVG - EVJF - Demi journ\u00e9e - Journ\u00e9e","breadcrumb":{"@id":"https:\/\/www.skiwake74.com\/en\/location-bateau\/#breadcrumb"},"inLanguage":"en-US","potentialAction":[{"@type":"ReadAction","target":["https:\/\/www.skiwake74.com\/en\/location-bateau\/"]}]},{"@type":"BreadcrumbList","@id":"https:\/\/www.skiwake74.com\/en\/location-bateau\/#breadcrumb","itemListElement":[{"@type":"ListItem","position":1,"name":"Accueil","item":"https:\/\/www.skiwake74.com\/en\/"},{"@type":"ListItem","position":2,"name":"Location"}]},{"@type":"WebSite","@id":"https:\/\/www.skiwake74.com\/#website","url":"https:\/\/www.skiwake74.com\/","name":"Skiwake74","description":"Wakeboard et wakesurf Annecy","publisher":{"@id":"https:\/\/www.skiwake74.com\/#organization"},"potentialAction":[{"@type":"SearchAction","target":{"@type":"EntryPoint","urlTemplate":"https:\/\/www.skiwake74.com\/?s={search_term_string}"},"query-input":{"@type":"PropertyValueSpecification","valueRequired":true,"valueName":"search_term_string"}}],"inLanguage":"en-US"},{"@type":"Organization","@id":"https:\/\/www.skiwake74.com\/#organization","name":"Skiwake74","url":"https:\/\/www.skiwake74.com\/","logo":{"@type":"ImageObject","inLanguage":"en-US","@id":"https:\/\/www.skiwake74.com\/#\/schema\/logo\/image\/","url":"https:\/\/www.skiwake74.com\/wp-content\/uploads\/2017\/04\/logo-skiwake.jpg","contentUrl":"https:\/\/www.skiwake74.com\/wp-content\/uploads\/2017\/04\/logo-skiwake.jpg","width":200,"height":92,"caption":"Skiwake74"},"image":{"@id":"https:\/\/www.skiwake74.com\/#\/schema\/logo\/image\/"},"sameAs":["https:\/\/www.facebook.com\/Skiwake74","https:\/\/x.com\/wake_74","https:\/\/www.instagram.com\/skiwake74\/","https:\/\/www.youtube.com\/channel\/UCTy72IXEh5qudi9KvYhil8g"]}]}},"_links":{"self":[{"href":"https:\/\/www.skiwake74.com\/en\/wp-json\/wp\/v2\/pages\/3585","targetHints":{"allow":["GET"]}}],"collection":[{"href":"https:\/\/www.skiwake74.com\/en\/wp-json\/wp\/v2\/pages"}],"about":[{"href":"https:\/\/www.skiwake74.com\/en\/wp-json\/wp\/v2\/types\/page"}],"author":[{"embeddable":true,"href":"https:\/\/www.skiwake74.com\/en\/wp-json\/wp\/v2\/users\/4"}],"replies":[{"embeddable":true,"href":"https:\/\/www.skiwake74.com\/en\/wp-json\/wp\/v2\/comments?post=3585"}],"version-history":[{"count":1,"href":"https:\/\/www.skiwake74.com\/en\/wp-json\/wp\/v2\/pages\/3585\/revisions"}],"predecessor-version":[{"id":4830,"href":"https:\/\/www.skiwake74.com\/en\/wp-json\/wp\/v2\/pages\/3585\/revisions\/4830"}],"wp:attachment":[{"href":"https:\/\/www.skiwake74.com\/en\/wp-json\/wp\/v2\/media?parent=3585"}],"curies":[{"name":"wp","href":"https:\/\/api.w.org\/{rel}","templated":true}]}}