{"id":3572,"date":"2018-05-17T12:28:05","date_gmt":"2018-05-17T10:28:05","guid":{"rendered":"https:\/\/www.skiwake74.com\/packs-apero-wake\/"},"modified":"2025-05-01T13:55:07","modified_gmt":"2025-05-01T11:55:07","slug":"packs-apero-wake","status":"publish","type":"page","link":"https:\/\/www.skiwake74.com\/en\/packs-apero-wake\/","title":{"rendered":"APERO WAKE PACK \/ APERO PACK"},"content":{"rendered":"<div class=\"wpb-content-wrapper\"><p>[vc_row full_width=&#8221;stretch_row_content_no_spaces&#8221; equal_height=&#8221;yes&#8221; content_placement=&#8221;top&#8221; css=&#8221;.vc_custom_1526551229757{margin-top: -93px !important;padding-bottom: 32px !important;}&#8221;][vc_column][vc_masonry_media_grid element_width=&#8221;2&#8243; grid_id=&#8221;vc_gid:1746100115551-46eed923046f3fd44aefbd259df8540e-10&#8243; include=&#8221;2617,2418,2621,2347,2915,2919,2696,2802,2911,2900,2223,2196&#8243;][\/vc_column][\/vc_row][vc_row][vc_column][vc_column_text css=&#8221;.vc_custom_1746100500332{margin-bottom: 20px !important;border-bottom-width: 20px !important;padding-bottom: 20px !important;}&#8221;]<\/p>\n<h1 style=\"text-align: center;\">WAKE + AP\u00c9RO BOAT<\/h1>\n<h2 style=\"text-align: center;\">Choose from 2 boats and 5 different durations!<\/h2>\n<h1><\/h1>\n<p>[\/vc_column_text][\/vc_column][\/vc_row][vc_row gap=&#8221;25&#8243; equal_height=&#8221;yes&#8221; css=&#8221;.vc_custom_1557389216764{margin-top: 2px !important;border-top-width: 2px !important;padding-top: 2px !important;}&#8221;][vc_column css=&#8221;.vc_custom_1707652648174{margin: 10px !important;padding: 30px !important;background-color: #ffffff !important;border: 5px solid #00bef2 !important;}&#8221;][vc_column_text css=&#8221;&#8221;]<\/p>\n<h1 style=\"text-align: center;\">Privatization + Aperitif<\/h1>\n<p>[\/vc_column_text][vc_column_text css=&#8221;.vc_custom_1605264300525{margin-top: -32px !important;}&#8221;]<\/p>\n<p style=\"text-align: center;\">Privatisation Wake \/ Ski + 30 minutes d&#8217;ap\u00e9ro<\/p>\n<p>[\/vc_column_text][vc_column_text css=&#8221;&#8221;]<\/p>\n<p style=\"text-align: center;\">A package that combines <strong>nautical activities with an aperitif<\/strong>. Choose the duration of <strong>privatization<\/strong> of your choice for water sports activities, to which will be added <strong>30 minutes of aperitif<\/strong> on the boat.<\/p>\n<p style=\"text-align: center;\">Extended aperitif available on request (please contact us).<\/p>\n<p>[\/vc_column_text][vc_column_text css=&#8221;.vc_custom_1713269469882{margin-bottom: 20px !important;border-bottom-width: 20px !important;padding-bottom: 20px !important;}&#8221;]<\/p>\n<p style=\"text-align: center;\"><strong>PRICES per duration of privatization<br \/>\nExcluding drinks (please contact us)<br \/>\n<\/strong>[\/vc_column_text][vc_row_inner][vc_column_inner][vc_column_text css=&#8221;&#8221;]<\/p>\n<p style=\"text-align: center;\"><strong>Up to 7 people<br \/>\nBoat: Nautique 200<\/strong><\/p>\n<p style=\"text-align: center;\"><strong>1h<\/strong>\u00a0:\u00a0<strong>243\u20ac<br \/>\n<\/strong>\u00a0\u00a0\u00a0\u00a0 <strong>1h30<\/strong>\u00a0:\u00a0<strong>334\u20ac<br \/>\n<\/strong><strong>2h<\/strong>\u00a0:\u00a0<strong>423\u20ac<br \/>\n<\/strong>\u00a0\u00a0\u00a0\u00a0 <strong>2h30<\/strong>\u00a0:\u00a0<strong>515\u20ac<br \/>\n<\/strong><strong>3h<\/strong>\u00a0:\u00a0<strong>583\u20ac<\/strong><\/p>\n<p style=\"text-align: center;\"><strong>Up to 10 people<br \/>\nBoat: Centurion<\/strong><\/p>\n<p style=\"text-align: center;\"><strong>1h<\/strong>\u00a0:\u00a0<strong>285\u20ac<br \/>\n<\/strong>\u00a0\u00a0\u00a0\u00a0 <strong>1h30<\/strong>\u00a0:\u00a0<strong>384\u20ac<br \/>\n<\/strong>\u00a0 <strong>2h<\/strong>\u00a0:\u00a0<strong>476\u20ac<br \/>\n<\/strong>\u00a0 \u00a0 <strong>2h30<\/strong>\u00a0:\u00a0<strong>570\u20ac<br \/>\n<\/strong>\u00a0<strong>3h<\/strong>\u00a0:<strong>\u00a0660\u20ac<br \/>\n<\/strong>\u00a0<strong>4h<\/strong>\u00a0:\u00a0<strong>844\u20ac<\/strong><\/p>\n<p>[\/vc_column_text][\/vc_column_inner][\/vc_row_inner][vc_btn title=&#8221;Book online&#8221; shape=&#8221;square&#8221; color=&#8221;black&#8221; align=&#8221;center&#8221; css=&#8221;&#8221; link=&#8221;url:https%3A%2F%2Fbookeo.com%2Fskiwake74%3Fcategory%3D425559T67P616AE4A34BB4&#8243;][\/vc_column][\/vc_row]<\/p>\n<\/div>","protected":false},"excerpt":{"rendered":"<p>[vc_row full_width=&#8221;stretch_row_content_no_spaces&#8221; equal_height=&#8221;yes&#8221; content_placement=&#8221;top&#8221; css=&#8221;.vc_custom_1526551229757{margin-top: -93px !important;padding-bottom: 32px !important;}&#8221;][vc_column][vc_masonry_media_grid element_width=&#8221;2&#8243; grid_id=&#8221;vc_gid:1746100115551-46eed923046f3fd44aefbd259df8540e-10&#8243; include=&#8221;2617,2418,2621,2347,2915,2919,2696,2802,2911,2900,2223,2196&#8243;][\/vc_column][\/vc_row][vc_row][vc_column][vc_column_text css=&#8221;.vc_custom_1746100500332{margin-bottom: 20px !important;border-bottom-width: 20px !important;padding-bottom: 20px !important;}&#8221;] WAKE + AP\u00c9RO BOAT Choose from 2 boats and 5 different durations! [\/vc_column_text][\/vc_column][\/vc_row][vc_row gap=&#8221;25&#8243; equal_height=&#8221;yes&#8221; css=&#8221;.vc_custom_1557389216764{margin-top: 2px !important;border-top-width: 2px !important;padding-top: 2px !important;}&#8221;][vc_column css=&#8221;.vc_custom_1707652648174{margin: 10px !important;padding: 30px !important;background-color: #ffffff !important;border: 5px solid #00bef2 !important;}&#8221;][vc_column_text css=&#8221;&#8221;] Privatization + &hellip;<\/p>\n","protected":false},"author":1,"featured_media":3545,"parent":0,"menu_order":-80,"comment_status":"closed","ping_status":"closed","template":"","meta":{"_acf_changed":false,"footnotes":""},"class_list":["post-3572","page","type-page","status-publish","has-post-thumbnail","hentry","clearfix"],"acf":[],"yoast_head":"<!-- This site is optimized with the Yoast SEO plugin v27.5 - https:\/\/yoast.com\/product\/yoast-seo-wordpress\/ -->\n<title>Packs Ap\u00e9ro-Wake - activit\u00e9s nautiques, ap\u00e9ro sur le lac d&#039;Annecy<\/title>\n<meta name=\"description\" content=\"Privatisez l\u2019un de nos bateaux de wake en famille ou entre amis pour un ap\u00e9ritif inoubliable sur le lac d\u2019Annecy, Formule terroir possible avec notre snack LE CADRE\" \/>\n<meta name=\"robots\" content=\"index, follow, max-snippet:-1, max-image-preview:large, max-video-preview:-1\" \/>\n<link rel=\"canonical\" href=\"https:\/\/www.skiwake74.com\/en\/packs-apero-wake\/\" \/>\n<meta property=\"og:locale\" content=\"en_US\" \/>\n<meta property=\"og:type\" content=\"article\" \/>\n<meta property=\"og:title\" content=\"Packs Ap\u00e9ro-Wake - activit\u00e9s nautiques, ap\u00e9ro sur le lac d&#039;Annecy\" \/>\n<meta property=\"og:description\" content=\"Privatisez l\u2019un de nos bateaux de wake en famille ou entre amis pour un ap\u00e9ritif inoubliable sur le lac d\u2019Annecy, Formule terroir possible avec notre snack LE CADRE\" \/>\n<meta property=\"og:url\" content=\"https:\/\/www.skiwake74.com\/en\/packs-apero-wake\/\" \/>\n<meta property=\"og:site_name\" content=\"Skiwake74\" \/>\n<meta property=\"article:publisher\" content=\"https:\/\/www.facebook.com\/Skiwake74\" \/>\n<meta property=\"article:modified_time\" content=\"2025-05-01T11:55:07+00:00\" \/>\n<meta property=\"og:image\" content=\"https:\/\/www.skiwake74.com\/wp-content\/uploads\/2017\/04\/cadre-magnifique-apero-barbecue-skiwake-74-annecy-lac.jpg\" \/>\n\t<meta property=\"og:image:width\" content=\"1600\" \/>\n\t<meta property=\"og:image:height\" content=\"900\" \/>\n\t<meta property=\"og:image:type\" content=\"image\/jpeg\" \/>\n<meta name=\"twitter:card\" content=\"summary_large_image\" \/>\n<meta name=\"twitter:site\" content=\"@wake_74\" \/>\n<meta name=\"twitter:label1\" content=\"Est. reading time\" \/>\n\t<meta name=\"twitter:data1\" content=\"4 minutes\" \/>\n<script type=\"application\/ld+json\" class=\"yoast-schema-graph\">{\"@context\":\"https:\\\/\\\/schema.org\",\"@graph\":[{\"@type\":\"WebPage\",\"@id\":\"https:\\\/\\\/www.skiwake74.com\\\/en\\\/packs-apero-wake\\\/\",\"url\":\"https:\\\/\\\/www.skiwake74.com\\\/en\\\/packs-apero-wake\\\/\",\"name\":\"Packs Ap\u00e9ro-Wake - activit\u00e9s nautiques, ap\u00e9ro sur le lac d'Annecy\",\"isPartOf\":{\"@id\":\"https:\\\/\\\/www.skiwake74.com\\\/#website\"},\"primaryImageOfPage\":{\"@id\":\"https:\\\/\\\/www.skiwake74.com\\\/en\\\/packs-apero-wake\\\/#primaryimage\"},\"image\":{\"@id\":\"https:\\\/\\\/www.skiwake74.com\\\/en\\\/packs-apero-wake\\\/#primaryimage\"},\"thumbnailUrl\":\"https:\\\/\\\/www.skiwake74.com\\\/wp-content\\\/uploads\\\/2017\\\/04\\\/cadre-magnifique-apero-barbecue-skiwake-74-annecy-lac.jpg\",\"datePublished\":\"2018-05-17T10:28:05+00:00\",\"dateModified\":\"2025-05-01T11:55:07+00:00\",\"description\":\"Privatisez l\u2019un de nos bateaux de wake en famille ou entre amis pour un ap\u00e9ritif inoubliable sur le lac d\u2019Annecy, Formule terroir possible avec notre snack LE CADRE\",\"breadcrumb\":{\"@id\":\"https:\\\/\\\/www.skiwake74.com\\\/en\\\/packs-apero-wake\\\/#breadcrumb\"},\"inLanguage\":\"en-US\",\"potentialAction\":[{\"@type\":\"ReadAction\",\"target\":[\"https:\\\/\\\/www.skiwake74.com\\\/en\\\/packs-apero-wake\\\/\"]}]},{\"@type\":\"ImageObject\",\"inLanguage\":\"en-US\",\"@id\":\"https:\\\/\\\/www.skiwake74.com\\\/en\\\/packs-apero-wake\\\/#primaryimage\",\"url\":\"https:\\\/\\\/www.skiwake74.com\\\/wp-content\\\/uploads\\\/2017\\\/04\\\/cadre-magnifique-apero-barbecue-skiwake-74-annecy-lac.jpg\",\"contentUrl\":\"https:\\\/\\\/www.skiwake74.com\\\/wp-content\\\/uploads\\\/2017\\\/04\\\/cadre-magnifique-apero-barbecue-skiwake-74-annecy-lac.jpg\",\"width\":1600,\"height\":900},{\"@type\":\"BreadcrumbList\",\"@id\":\"https:\\\/\\\/www.skiwake74.com\\\/en\\\/packs-apero-wake\\\/#breadcrumb\",\"itemListElement\":[{\"@type\":\"ListItem\",\"position\":1,\"name\":\"Accueil\",\"item\":\"https:\\\/\\\/www.skiwake74.com\\\/en\\\/\"},{\"@type\":\"ListItem\",\"position\":2,\"name\":\"APERO WAKE PACK \\\/ APERO PACK\"}]},{\"@type\":\"WebSite\",\"@id\":\"https:\\\/\\\/www.skiwake74.com\\\/#website\",\"url\":\"https:\\\/\\\/www.skiwake74.com\\\/\",\"name\":\"Skiwake74\",\"description\":\"Wakeboard et wakesurf Annecy\",\"publisher\":{\"@id\":\"https:\\\/\\\/www.skiwake74.com\\\/#organization\"},\"potentialAction\":[{\"@type\":\"SearchAction\",\"target\":{\"@type\":\"EntryPoint\",\"urlTemplate\":\"https:\\\/\\\/www.skiwake74.com\\\/?s={search_term_string}\"},\"query-input\":{\"@type\":\"PropertyValueSpecification\",\"valueRequired\":true,\"valueName\":\"search_term_string\"}}],\"inLanguage\":\"en-US\"},{\"@type\":\"Organization\",\"@id\":\"https:\\\/\\\/www.skiwake74.com\\\/#organization\",\"name\":\"Skiwake74\",\"url\":\"https:\\\/\\\/www.skiwake74.com\\\/\",\"logo\":{\"@type\":\"ImageObject\",\"inLanguage\":\"en-US\",\"@id\":\"https:\\\/\\\/www.skiwake74.com\\\/#\\\/schema\\\/logo\\\/image\\\/\",\"url\":\"https:\\\/\\\/www.skiwake74.com\\\/wp-content\\\/uploads\\\/2017\\\/04\\\/logo-skiwake.jpg\",\"contentUrl\":\"https:\\\/\\\/www.skiwake74.com\\\/wp-content\\\/uploads\\\/2017\\\/04\\\/logo-skiwake.jpg\",\"width\":200,\"height\":92,\"caption\":\"Skiwake74\"},\"image\":{\"@id\":\"https:\\\/\\\/www.skiwake74.com\\\/#\\\/schema\\\/logo\\\/image\\\/\"},\"sameAs\":[\"https:\\\/\\\/www.facebook.com\\\/Skiwake74\",\"https:\\\/\\\/x.com\\\/wake_74\",\"https:\\\/\\\/www.instagram.com\\\/skiwake74\\\/\",\"https:\\\/\\\/www.youtube.com\\\/channel\\\/UCTy72IXEh5qudi9KvYhil8g\"]}]}<\/script>\n<!-- \/ Yoast SEO plugin. -->","yoast_head_json":{"title":"Packs Ap\u00e9ro-Wake - activit\u00e9s nautiques, ap\u00e9ro sur le lac d'Annecy","description":"Privatisez l\u2019un de nos bateaux de wake en famille ou entre amis pour un ap\u00e9ritif inoubliable sur le lac d\u2019Annecy, Formule terroir possible avec notre snack LE CADRE","robots":{"index":"index","follow":"follow","max-snippet":"max-snippet:-1","max-image-preview":"max-image-preview:large","max-video-preview":"max-video-preview:-1"},"canonical":"https:\/\/www.skiwake74.com\/en\/packs-apero-wake\/","og_locale":"en_US","og_type":"article","og_title":"Packs Ap\u00e9ro-Wake - activit\u00e9s nautiques, ap\u00e9ro sur le lac d'Annecy","og_description":"Privatisez l\u2019un de nos bateaux de wake en famille ou entre amis pour un ap\u00e9ritif inoubliable sur le lac d\u2019Annecy, Formule terroir possible avec notre snack LE CADRE","og_url":"https:\/\/www.skiwake74.com\/en\/packs-apero-wake\/","og_site_name":"Skiwake74","article_publisher":"https:\/\/www.facebook.com\/Skiwake74","article_modified_time":"2025-05-01T11:55:07+00:00","og_image":[{"width":1600,"height":900,"url":"https:\/\/www.skiwake74.com\/wp-content\/uploads\/2017\/04\/cadre-magnifique-apero-barbecue-skiwake-74-annecy-lac.jpg","type":"image\/jpeg"}],"twitter_card":"summary_large_image","twitter_site":"@wake_74","twitter_misc":{"Est. reading time":"4 minutes"},"schema":{"@context":"https:\/\/schema.org","@graph":[{"@type":"WebPage","@id":"https:\/\/www.skiwake74.com\/en\/packs-apero-wake\/","url":"https:\/\/www.skiwake74.com\/en\/packs-apero-wake\/","name":"Packs Ap\u00e9ro-Wake - activit\u00e9s nautiques, ap\u00e9ro sur le lac d'Annecy","isPartOf":{"@id":"https:\/\/www.skiwake74.com\/#website"},"primaryImageOfPage":{"@id":"https:\/\/www.skiwake74.com\/en\/packs-apero-wake\/#primaryimage"},"image":{"@id":"https:\/\/www.skiwake74.com\/en\/packs-apero-wake\/#primaryimage"},"thumbnailUrl":"https:\/\/www.skiwake74.com\/wp-content\/uploads\/2017\/04\/cadre-magnifique-apero-barbecue-skiwake-74-annecy-lac.jpg","datePublished":"2018-05-17T10:28:05+00:00","dateModified":"2025-05-01T11:55:07+00:00","description":"Privatisez l\u2019un de nos bateaux de wake en famille ou entre amis pour un ap\u00e9ritif inoubliable sur le lac d\u2019Annecy, Formule terroir possible avec notre snack LE CADRE","breadcrumb":{"@id":"https:\/\/www.skiwake74.com\/en\/packs-apero-wake\/#breadcrumb"},"inLanguage":"en-US","potentialAction":[{"@type":"ReadAction","target":["https:\/\/www.skiwake74.com\/en\/packs-apero-wake\/"]}]},{"@type":"ImageObject","inLanguage":"en-US","@id":"https:\/\/www.skiwake74.com\/en\/packs-apero-wake\/#primaryimage","url":"https:\/\/www.skiwake74.com\/wp-content\/uploads\/2017\/04\/cadre-magnifique-apero-barbecue-skiwake-74-annecy-lac.jpg","contentUrl":"https:\/\/www.skiwake74.com\/wp-content\/uploads\/2017\/04\/cadre-magnifique-apero-barbecue-skiwake-74-annecy-lac.jpg","width":1600,"height":900},{"@type":"BreadcrumbList","@id":"https:\/\/www.skiwake74.com\/en\/packs-apero-wake\/#breadcrumb","itemListElement":[{"@type":"ListItem","position":1,"name":"Accueil","item":"https:\/\/www.skiwake74.com\/en\/"},{"@type":"ListItem","position":2,"name":"APERO WAKE PACK \/ APERO PACK"}]},{"@type":"WebSite","@id":"https:\/\/www.skiwake74.com\/#website","url":"https:\/\/www.skiwake74.com\/","name":"Skiwake74","description":"Wakeboard et wakesurf Annecy","publisher":{"@id":"https:\/\/www.skiwake74.com\/#organization"},"potentialAction":[{"@type":"SearchAction","target":{"@type":"EntryPoint","urlTemplate":"https:\/\/www.skiwake74.com\/?s={search_term_string}"},"query-input":{"@type":"PropertyValueSpecification","valueRequired":true,"valueName":"search_term_string"}}],"inLanguage":"en-US"},{"@type":"Organization","@id":"https:\/\/www.skiwake74.com\/#organization","name":"Skiwake74","url":"https:\/\/www.skiwake74.com\/","logo":{"@type":"ImageObject","inLanguage":"en-US","@id":"https:\/\/www.skiwake74.com\/#\/schema\/logo\/image\/","url":"https:\/\/www.skiwake74.com\/wp-content\/uploads\/2017\/04\/logo-skiwake.jpg","contentUrl":"https:\/\/www.skiwake74.com\/wp-content\/uploads\/2017\/04\/logo-skiwake.jpg","width":200,"height":92,"caption":"Skiwake74"},"image":{"@id":"https:\/\/www.skiwake74.com\/#\/schema\/logo\/image\/"},"sameAs":["https:\/\/www.facebook.com\/Skiwake74","https:\/\/x.com\/wake_74","https:\/\/www.instagram.com\/skiwake74\/","https:\/\/www.youtube.com\/channel\/UCTy72IXEh5qudi9KvYhil8g"]}]}},"_links":{"self":[{"href":"https:\/\/www.skiwake74.com\/en\/wp-json\/wp\/v2\/pages\/3572","targetHints":{"allow":["GET"]}}],"collection":[{"href":"https:\/\/www.skiwake74.com\/en\/wp-json\/wp\/v2\/pages"}],"about":[{"href":"https:\/\/www.skiwake74.com\/en\/wp-json\/wp\/v2\/types\/page"}],"author":[{"embeddable":true,"href":"https:\/\/www.skiwake74.com\/en\/wp-json\/wp\/v2\/users\/1"}],"replies":[{"embeddable":true,"href":"https:\/\/www.skiwake74.com\/en\/wp-json\/wp\/v2\/comments?post=3572"}],"version-history":[{"count":6,"href":"https:\/\/www.skiwake74.com\/en\/wp-json\/wp\/v2\/pages\/3572\/revisions"}],"predecessor-version":[{"id":5463,"href":"https:\/\/www.skiwake74.com\/en\/wp-json\/wp\/v2\/pages\/3572\/revisions\/5463"}],"wp:featuredmedia":[{"embeddable":true,"href":"https:\/\/www.skiwake74.com\/en\/wp-json\/wp\/v2\/media\/3545"}],"wp:attachment":[{"href":"https:\/\/www.skiwake74.com\/en\/wp-json\/wp\/v2\/media?parent=3572"}],"curies":[{"name":"wp","href":"https:\/\/api.w.org\/{rel}","templated":true}]}}